{"id":307,"date":"2022-11-12T19:55:54","date_gmt":"2022-11-12T19:55:54","guid":{"rendered":"https:\/\/fabi-dom.de\/?page_id=307"},"modified":"2022-12-01T15:35:33","modified_gmt":"2022-12-01T15:35:33","slug":"about-2","status":"publish","type":"page","link":"https:\/\/fabi-dom.de\/?page_id=307","title":{"rendered":"About"},"content":{"rendered":"\n<p>Ich bin 1995 am Rosenmontag zur Welt gekommen und trage den Namen des <a rel=\"noreferrer noopener\" href=\"https:\/\/de.wikipedia.org\/wiki\/Erich_Dombrowski\" target=\"_blank\">Gr\u00fcnders der Mainzer <\/a>Allgemeinen Zeitung \u2014 vielleicht waren das erste Vorzeichen daf\u00fcr, dass ich irgendwann von der nieders\u00e4chsischen Provinz in die rheinland-pf\u00e4lzische Landeshauptstadt ziehen w\u00fcrde. Das habe ich 2014 getan, um an der Johannes-Gutenberg-Universit\u00e4t in Mainz Publizistik und Germanistik zu studieren.<\/p>\n\n\n\n<p>Im Rahmen der Bachelorarbeit konnte ich meiner Leidenschaft f\u00fcr das Medium Fernsehen nachgehen: Ich habe TV-Redakteur*innen und -Produzent*innen zum Thema Innovation in der non-fiktionalen Fernsehunterhaltung befragt. Die hat mich n\u00e4mlich als Kind schon gepr\u00e4gt: Sendungen wie \u201eWetten, dass..?\u201c, \u201eTV total\u201c oder \u201eSchillerstra\u00dfe\u201c wollte ich lieber nicht verpassen.<\/p>\n\n\n\n<p>Mittlerweile stehe ich auch gelegentlich selbst auf der B\u00fchne \u2014 seit 2015 spiele ich Improvisationstheater. Au\u00dferdem moderiere ich gelegentlich Lesungen, Kulturabende oder Talkformate.<\/p>\n\n\n\n<p>Von Oktober 2018 bis M\u00e4rz 2021 habe ich meinen Master in Journalismus gemacht, und zwar am Journalistischen Seminar der Uni Mainz. F\u00fcr die Allgemeine Zeitung und den Wiesbadener Kurier war ich als freier Reporter unterwegs. (Mein erster Auftrag war \u00fcbrigens ein Besuch beim Kaninchenz\u00fcchterverein).  <\/p>\n\n\n\n<p>Hinzu kommen verschiedene Praktika gemacht, etwa im NDR-Studio Braunschweig, in der ZDF-Redaktion Show\/Development, in der Redaktion von \u201eMarkus Lanz\u201c sowie im Medienressort der S\u00fcddeutschen Zeitung.<\/p>\n\n\n\n<p>Im Rahmen meiner Masterarbeit habe ich ein Feature \u00fcber junge Menschen geschrieben, die mit eigenen pornografischen Inhalten \u00fcber die Online-Plattform \u201eOnlyFans\u201c viel Geld verdienen.<\/p>\n\n\n\n<p>Nach dem Studium habe ich beim Weser-Kurier in Bremen volontiert und die Akademie f\u00fcr Publizistik in Hamburg besucht. Nun arbeite ich als freier Journalist. Besonders interessieren mich Themen aus den Bereichen Medien, (Pop-)Kultur, LGBTQIA, K\u00f6rper und gesellschaftliche Entwicklungen. Gerne schreibe ich Reportagen und Portr\u00e4ts und f\u00fchre Interviews. Einen \u00dcberblick \u00fcber meine Artikel gibt es bei <a href=\"https:\/\/www.torial.com\/fabian.dombrowski\">Torial<\/a>. <\/p>\n\n\n\n<p>Im Oktober 2020 absolvierte ich das Seminar \u201e\u00dcber Medien informieren\u201c der Grimme-Akademie.<\/p>\n\n\n\n<p>Meine Kurzgeschichte \u201eMrs. Greenfields Mission\u201c ist in <a rel=\"noreferrer noopener\" href=\"https:\/\/www.amazon.de\/Durchschrift-Weiterbildung-Rheinland-Pfalz-Ministerium-Wissenschaft\/dp\/3941200658\/ref=sr_1_10?qid=1577567157&amp;refinements=p_27%3AFabian+Dombrowski&amp;s=books&amp;sr=1-10&amp;text=Fabian+Dombrowski\" target=\"_blank\">diesem<\/a> Sammelband zu finden. Was mich sonst noch so besch\u00e4ftigt, teile ich ab und zu <a href=\"https:\/\/twitter.com\/fabidom\" target=\"_blank\" rel=\"noreferrer noopener\">hier <\/a>auf Twitter, oder <a href=\"https:\/\/www.instagram.com\/_fabidom\" target=\"_blank\" rel=\"noreferrer noopener\">hier<\/a> auf Instagram.<\/p>\n\n\n\n<p>Anfragen, Anregungen, Kritik immer gerne an fabian.dombrowski [at] gmx [punkt] net.<\/p>\n\n\n\n<p>PS: Auch wenn ich es als Kind werden wollte, bin ich NICHT der <a href=\"https:\/\/www.verlag-torsten-low.com\/de\/info\/Fabian-Dombrowski.html\" target=\"_blank\" rel=\"noreferrer noopener\">Fantasy-Autor Fabian Dombrowski<\/a>.<\/p>\n","protected":false},"excerpt":{"rendered":"<p>Ich bin 1995 am Rosenmontag zur Welt gekommen und trage den Namen des Gr\u00fcnders der Mainzer Allgemeinen Zeitung \u2014 vielleicht waren das erste Vorzeichen daf\u00fcr, dass ich irgendwann von der nieders\u00e4chsischen Provinz in die rheinland-pf\u00e4lzische Landeshauptstadt ziehen w\u00fcrde. Das habe ich 2014 getan, um an der Johannes-Gutenberg-Universit\u00e4t in Mainz Publizistik und Germanistik zu studieren. Im [&hellip;]<\/p>\n","protected":false},"author":1,"featured_media":288,"parent":0,"menu_order":0,"comment_status":"closed","ping_status":"closed","template":"","meta":[],"_links":{"self":[{"href":"https:\/\/fabi-dom.de\/index.php?rest_route=\/wp\/v2\/pages\/307"}],"collection":[{"href":"https:\/\/fabi-dom.de\/index.php?rest_route=\/wp\/v2\/pages"}],"about":[{"href":"https:\/\/fabi-dom.de\/index.php?rest_route=\/wp\/v2\/types\/page"}],"author":[{"embeddable":true,"href":"https:\/\/fabi-dom.de\/index.php?rest_route=\/wp\/v2\/users\/1"}],"replies":[{"embeddable":true,"href":"https:\/\/fabi-dom.de\/index.php?rest_route=%2Fwp%2Fv2%2Fcomments&post=307"}],"version-history":[{"count":5,"href":"https:\/\/fabi-dom.de\/index.php?rest_route=\/wp\/v2\/pages\/307\/revisions"}],"predecessor-version":[{"id":341,"href":"https:\/\/fabi-dom.de\/index.php?rest_route=\/wp\/v2\/pages\/307\/revisions\/341"}],"wp:featuredmedia":[{"embeddable":true,"href":"https:\/\/fabi-dom.de\/index.php?rest_route=\/wp\/v2\/media\/288"}],"wp:attachment":[{"href":"https:\/\/fabi-dom.de\/index.php?rest_route=%2Fwp%2Fv2%2Fmedia&parent=307"}],"curies":[{"name":"wp","href":"https:\/\/api.w.org\/{rel}","templated":true}]}}